{"id":259,"date":"2022-03-18T20:54:21","date_gmt":"2022-03-18T17:54:21","guid":{"rendered":"https:\/\/miragumus.com\/?page_id=259"},"modified":"2022-04-03T23:55:18","modified_gmt":"2022-04-03T20:55:18","slug":"s-s-s","status":"publish","type":"page","link":"https:\/\/miragumus.com\/index.php\/s-s-s\/","title":{"rendered":"S.S.S"},"content":{"rendered":"\n<p><strong>S: Sanal ma\u011fazadaki \u00fcr\u00fcnler ma\u011fazan\u0131zda var m\u0131d\u0131r?<\/strong><\/p>\n\n\n\n<p>C: Sanal ma\u011fazadaki \u00fcr\u00fcnlerin tamam\u0131 ma\u011fazam\u0131zda mevcuttur. \u00a0<\/p>\n\n\n\n<p><br><strong>S: Sanal ma\u011fazadan sat\u0131n almak istedi\u011fim y\u00fcz\u00fc\u011f\u00fcn \u00f6l\u00e7\u00fcs\u00fcn\u00fc bilmiyorum, ne yapmal\u0131y\u0131m?<\/strong><\/p>\n\n\n\n<p>C: E\u011fer sat\u0131n almak istedi\u011finiz y\u00fcz\u00fc\u011f\u00fcn \u00f6l\u00e7\u00fcs\u00fcn\u00fc bilmiyorsan\u0131z, \u00f6l\u00e7\u00fc k\u0131sm\u0131na \u201c\u00f6l\u00e7\u00fcy\u00fc bilmiyorum\u201d olarak se\u00e7ebilirsiniz. Y\u00fcz\u00fck size geldikten sonra 14 g\u00fcn i\u00e7erisinde bir defaya mahsus \u00fcr\u00fcn\u00fc ma\u011faza ileti\u015fim adresimize g\u00f6ndererek istedi\u011finiz \u00f6l\u00e7\u00fcde yeniden g\u00f6nderilmesini talep edebilirsiniz.\u00a0G\u00f6nderim \u015fartlar\u0131 hakk\u0131nda ma\u011fazam\u0131zla ileti\u015fime ge\u00e7meyi unutmay\u0131n\u0131z.<\/p>\n\n\n\n<p><br><strong>S: Sanal ma\u011fazadaki \u00fcr\u00fcnlerinizin fiyatlar\u0131 ma\u011fazalar\u0131n\u0131zdaki fiyatlarla ayn\u0131 m\u0131?<\/strong><\/p>\n\n\n\n<p>C: Hay\u0131r, internet sitemizde veya ma\u011fazam\u0131zda farkl\u0131 d\u00f6nemlerde \u00f6zel promosyon uygulanan \u00fcr\u00fcnler olabilmektedir. bu promosyona ba\u011fl\u0131 olarak da fiyatlarda farkl\u0131l\u0131klar g\u00f6r\u00fclebilmektedir.<\/p>\n\n\n\n<p><br><strong>S: \u00d6zel tasar\u0131m yapabiliyor musunuz?<\/strong><\/p>\n\n\n\n<p>C: \u00d6zel tasar\u0131m ile ilgili ileti\u015fim numaralar\u0131ndan veya sosyal medya hesaplar\u0131ndan ileti\u015fime ge\u00e7meniz halinde ma\u011fazalar\u0131m\u0131z yard\u0131mc\u0131 olabilmektedir.<\/p>\n\n\n\n<p><br><strong>S: Mira G\u00fcm\u00fc\u015f Ma\u011fazas\u0131&#8217;n\u0131n adresini \u00f6\u011frenebilir miyim?<\/strong><\/p>\n\n\n\n<p>C: https:\/\/miragumus.com\/iletisim adresinden ma\u011fazam\u0131z\u0131n ileti\u015fim bilgilerine, adres bilgilerine ve haritalar \u00fczerindeki yerle\u015fim detay\u0131na ula\u015fabilirsiniz.<\/p>\n","protected":false},"excerpt":{"rendered":"<p>S: Sanal ma\u011fazadaki \u00fcr\u00fcnler ma\u011fazan\u0131zda var m\u0131d\u0131r? C: Sanal ma\u011fazadaki \u00fcr\u00fcnlerin tamam\u0131 ma\u011fazam\u0131zda mevcuttur. \u00a0 S: Sanal ma\u011fazadan sat\u0131n almak&hellip;<\/p>\n","protected":false},"author":1,"featured_media":0,"parent":0,"menu_order":0,"comment_status":"closed","ping_status":"closed","template":"","meta":{"footnotes":""},"_links":{"self":[{"href":"https:\/\/miragumus.com\/index.php\/wp-json\/wp\/v2\/pages\/259"}],"collection":[{"href":"https:\/\/miragumus.com\/index.php\/wp-json\/wp\/v2\/pages"}],"about":[{"href":"https:\/\/miragumus.com\/index.php\/wp-json\/wp\/v2\/types\/page"}],"author":[{"embeddable":true,"href":"https:\/\/miragumus.com\/index.php\/wp-json\/wp\/v2\/users\/1"}],"replies":[{"embeddable":true,"href":"https:\/\/miragumus.com\/index.php\/wp-json\/wp\/v2\/comments?post=259"}],"version-history":[{"count":3,"href":"https:\/\/miragumus.com\/index.php\/wp-json\/wp\/v2\/pages\/259\/revisions"}],"predecessor-version":[{"id":460,"href":"https:\/\/miragumus.com\/index.php\/wp-json\/wp\/v2\/pages\/259\/revisions\/460"}],"wp:attachment":[{"href":"https:\/\/miragumus.com\/index.php\/wp-json\/wp\/v2\/media?parent=259"}],"curies":[{"name":"wp","href":"https:\/\/api.w.org\/{rel}","templated":true}]}}