{"id":409,"date":"2022-03-28T13:49:59","date_gmt":"2022-03-28T10:49:59","guid":{"rendered":"https:\/\/miragumus.com\/?post_type=product&#038;p=409"},"modified":"2025-12-09T20:53:09","modified_gmt":"2025-12-09T17:53:09","slug":"zirkon-tasli-925-ayar-gumus-harf-koloye","status":"publish","type":"product","link":"https:\/\/miragumus.com\/index.php\/product\/zirkon-tasli-925-ayar-gumus-harf-koloye\/","title":{"rendered":"G\u00fcm\u00fc\u015f Harf Kolye"},"content":{"rendered":"<table width=\"128\">\n<tbody>\n<tr>\n<td colspan=\"2\" width=\"128\">\u00dcR\u00dcN HAKKINDA A\u00c7IKLAMA<\/td>\n<\/tr>\n<tr>\n<td><\/td>\n<td><\/td>\n<\/tr>\n<tr>\n<td colspan=\"2\">\u00a0&#8211; \u00dcr\u00fcn\u00fcm\u00fcz 925 Ayar G\u00fcm\u00fc\u015f ve Alt\u0131n Kaplamal\u0131d\u0131r.<\/td>\n<\/tr>\n<tr>\n<td colspan=\"2\">&#8211; Harf \u00fczeri beyaz zirkon ta\u015flar ile s\u00fcslenmi\u015ftir.<\/td>\n<\/tr>\n<tr>\n<td colspan=\"2\">\u00a0&#8211; \u00dcr\u00fcnlerimiz Sizlere \u00d6zel Hediye Paketi \u0130le \u0130letilmektedir.<\/td>\n<\/tr>\n<tr>\n<td colspan=\"2\">\u00a0&#8211; \u00dcr\u00fcnlerimiz firmam\u0131z\u0131n g\u00fcvencesi alt\u0131ndad\u0131r.<\/td>\n<\/tr>\n<tr>\n<td colspan=\"2\">\u00a0&#8211; G\u00fcm\u00fc\u015f Do\u011fal Yap\u0131s\u0131ndan Dolay\u0131 Kararma Yapabilir , \u00dcr\u00fcnlerimizi Kullan\u0131rken \u00c7ama\u015f\u0131r Suyu , Deterjan , Parf\u00fcm Vb. Gibi Kimyasal \u00dcr\u00fcnlerle Temaslardan Ka\u00e7\u0131narak Kararmas\u0131n\u0131 Engelleyip \u00d6mr\u00fcn\u00fc Uzatabilirsiniz ! Karama yapan\u00a0 ve uzun s\u00fcre kullan\u0131ma ba\u011fl\u0131 kaplama rengi solan \u00fcr\u00fcnler her zaman temizlenerek veya yeniden \u00fczerine renk kaplama yap\u0131larak yenisi gibi olur.<\/p>\n<p>&#8211; Kullan\u0131m Esnas\u0131nda Olu\u015fan Hasarlarda Kargo \u00dccretini Kar\u015f\u0131lad\u0131\u011f\u0131n\u0131z Takdirde B\u00fct\u00fcn Bak\u0131mlar Firmam\u0131z Taraf\u0131ndan \u00dccretsiz, Onar\u0131mlar \u0130se Onar\u0131m Bedelini Kullan\u0131c\u0131 Kar\u015f\u0131lad\u0131\u011f\u0131 Takdirde Yine Firmam\u0131z Taraf\u0131ndan Yap\u0131lmaktad\u0131r.<\/td>\n<\/tr>\n<tr>\n<td colspan=\"2\">\u00a0&#8211; Kullan\u0131m Esnas\u0131nda Olu\u015fan Hasarlardan , Kararmalardan Vb. Gibi Unsurlarla Kar\u015f\u0131la\u015ft\u0131\u011f\u0131n\u0131z Takdirde Firmam\u0131zla \u0130leti\u015fime Ge\u00e7iniz.<\/td>\n<\/tr>\n<tr>\n<td colspan=\"2\"><\/td>\n<\/tr>\n<tr>\n<td colspan=\"2\">\u00a0&#8211; \u00dcr\u00fcn fiyatlar\u0131, websitesine \u00f6zel promosyonlar nedeniyle ma\u011faza fiyatlar\u0131m\u0131zdan daha ucuz olabilir.<\/td>\n<\/tr>\n<tr>\n<td colspan=\"2\">\u00a0&#8211; \u00dcr\u00fcn ile ilgili \u00f6zel isteklerinizi bize ula\u015farak iletebilirsiniz.<\/td>\n<\/tr>\n<tr>\n<td><\/td>\n<td><\/td>\n<\/tr>\n<tr>\n<td><\/td>\n<td><\/td>\n<\/tr>\n<tr>\n<td colspan=\"2\">\u00a0&#8211; Whatsapp: 05342341984<\/td>\n<\/tr>\n<tr>\n<td colspan=\"2\">\u00a0&#8211; Mail: miragumustrabzon@gmail.com<\/td>\n<\/tr>\n<tr>\n<td><\/td>\n<td><\/td>\n<\/tr>\n<tr>\n<td colspan=\"2\">KARGO TESL\u0130MATI<\/td>\n<\/tr>\n<tr>\n<td><\/td>\n<td><\/td>\n<\/tr>\n<tr>\n<td colspan=\"2\">\u00a0&#8211; Haftai\u00e7i saat 14:30&#8242; a kadar verece\u011finiz t\u00fcm sipari\u015fler ( &#8220;Ki\u015fiye \u00d6zel \u00dcr\u00fcnler&#8221; ve &#8220;Y\u00fcz\u00fck&#8221; kategorisindeki \u00fcr\u00fcnler hari\u00e7 ) ayn\u0131 g\u00fcn MNG kargoya teslim edilir.<\/td>\n<\/tr>\n<tr>\n<td colspan=\"2\">\u00a0&#8211; Ki\u015fiye \u00d6zel \u00dcr\u00fcnler ve Y\u00fcz\u00fck Kategorisindeki \u00dcr\u00fcnlerimiz 2-4 \u0130\u015f g\u00fcn\u00fc \u0130\u00e7erisinde MNG Kargoya teslim edilir.<\/td>\n<\/tr>\n<tr>\n<td colspan=\"2\">\u00a0&#8211; 2500 TL ve \u00fczeri sipari\u015flerde kargo \u00fccretsizdir. 2500 TL alt\u0131ndaki sipari\u015flerde 150 TL MNG kargo \u00fccreti ilave olur.<\/td>\n<\/tr>\n<tr>\n<td><\/td>\n<td><\/td>\n<\/tr>\n<tr>\n<td>DE\u011e\u0130\u015e\u0130M<\/td>\n<td><\/td>\n<\/tr>\n<tr>\n<td><\/td>\n<td><\/td>\n<\/tr>\n<tr>\n<td colspan=\"2\">\u00a0&#8211; Miragumus.com&#8217;dan Ald\u0131\u011f\u0131n\u0131z \u00dcr\u00fcnleri Teslim Tarihinden \u0130tibaren\u00a015 G\u00fcn\u00a0\u0130\u00e7erisinde \u00dccretsiz De\u011fi\u015fim Yapabilirsiniz.<\/td>\n<\/tr>\n<tr>\n<td colspan=\"2\">\u00a0&#8211; Ki\u015fiye \u00d6zel \u00dcretilen Sipari\u015flerde veya \u0130\u015flem Yap\u0131larak Ki\u015fiye \u00d6zel Hale Getirilen \u00dcr\u00fcnlerde De\u011fi\u015fim Yap\u0131lmamaktad\u0131r.<\/td>\n<\/tr>\n<\/tbody>\n<\/table>\n","protected":false},"excerpt":{"rendered":"<p>\u00dcR\u00dcN HAKKINDA A\u00c7IKLAMA \u00a0&#8211; \u00dcr\u00fcn\u00fcm\u00fcz 925 Ayar G\u00fcm\u00fc\u015f ve Alt\u0131n Kaplamal\u0131d\u0131r. &#8211; Harf \u00fczeri beyaz zirkon ta\u015flar ile s\u00fcslenmi\u015ftir. \u00a0&#8211;&hellip;<\/p>\n","protected":false},"featured_media":410,"comment_status":"open","ping_status":"closed","template":"","meta":[],"product_cat":[35,34,85,37,30],"product_tag":[147,152,151,153,145],"_links":{"self":[{"href":"https:\/\/miragumus.com\/index.php\/wp-json\/wp\/v2\/product\/409"}],"collection":[{"href":"https:\/\/miragumus.com\/index.php\/wp-json\/wp\/v2\/product"}],"about":[{"href":"https:\/\/miragumus.com\/index.php\/wp-json\/wp\/v2\/types\/product"}],"replies":[{"embeddable":true,"href":"https:\/\/miragumus.com\/index.php\/wp-json\/wp\/v2\/comments?post=409"}],"wp:featuredmedia":[{"embeddable":true,"href":"https:\/\/miragumus.com\/index.php\/wp-json\/wp\/v2\/media\/410"}],"wp:attachment":[{"href":"https:\/\/miragumus.com\/index.php\/wp-json\/wp\/v2\/media?parent=409"}],"wp:term":[{"taxonomy":"product_cat","embeddable":true,"href":"https:\/\/miragumus.com\/index.php\/wp-json\/wp\/v2\/product_cat?post=409"},{"taxonomy":"product_tag","embeddable":true,"href":"https:\/\/miragumus.com\/index.php\/wp-json\/wp\/v2\/product_tag?post=409"}],"curies":[{"name":"wp","href":"https:\/\/api.w.org\/{rel}","templated":true}]}}