{"id":509,"date":"2022-04-08T23:02:17","date_gmt":"2022-04-08T20:02:17","guid":{"rendered":"https:\/\/miragumus.com\/?post_type=product&#038;p=509"},"modified":"2026-01-08T22:12:27","modified_gmt":"2026-01-08T19:12:27","slug":"el-isciligi-kalem-atmali-kitap-ayraci","status":"publish","type":"product","link":"https:\/\/miragumus.com\/index.php\/product\/el-isciligi-kalem-atmali-kitap-ayraci\/","title":{"rendered":"G\u00fcm\u00fc\u015f Kitap Ayrac\u0131"},"content":{"rendered":"<p><strong>\u00d6zel El Yap\u0131m\u0131 Kalem Atmal\u0131\u00a0G\u00fcm\u00fc\u015f Kitap Ayrac\u0131 925 ayar g\u00fcm\u00fc\u015ft\u00fcr.<\/strong><\/p>\n<p>Tamamen el yap\u0131m\u0131 olan kitap ayrac\u0131, \u00f6nemli tarih ve g\u00fcnleriniz\u00a0i\u00e7in g\u00fczel bir hediye alternatifiniz olacakt\u0131r.<\/p>\n<p>G\u00fcm\u00fc\u015f kitap ayrac\u0131n\u0131n yakla\u015f\u0131k \u00f6l\u00e7\u00fcs\u00fc 105 x 11 mm. &#8216;dir. Yakla\u015f\u0131k a\u011f\u0131rl\u0131\u011f\u0131 ise 7,5 gr d\u0131r. El i\u015f\u00e7ili\u011fi oldu\u011fu i\u00e7in +1gr -1gr farkl\u0131l\u0131k g\u00f6sterebilir.<\/p>\n<p>\u2013 \u00dcr\u00fcn fiyatlar\u0131, websitesine \u00f6zel promosyonlar nedeniyle ma\u011faza fiyatlar\u0131m\u0131zdan daha ucuz olabilir.<\/p>\n<p>\u2013 \u00dcr\u00fcn\u00fcm\u00fcz 925 Ayar G\u00fcm\u00fc\u015ft\u00fcr.<\/p>\n<p>\u2013 \u00dcr\u00fcnlerimiz Sizlere \u00d6zel Hediye Paketi \u0130le \u0130letilmektedir.<\/p>\n<p>\u2013 \u00dcr\u00fcnlerimiz firmam\u0131z\u0131n g\u00fcvencesi alt\u0131ndad\u0131r.<\/p>\n<p>\u2013 \u00dcr\u00fcn ile ilgili \u00f6zel isteklerinizi bize ula\u015farak iletebilirsiniz.<\/p>\n<p>\u2013 Whatsapp: 05342341984<\/p>\n<p>\u2013 Mail: miragumustrabzon@gmail.com<\/p>\n<p>\u2013 Haftai\u00e7i saat 14:30\u2032 a kadar verece\u011finiz t\u00fcm sipari\u015fler ( \u201cKi\u015fiye \u00d6zel \u00dcr\u00fcnler\u201d ve \u201cY\u00fcz\u00fck\u201d kategorisindeki \u00fcr\u00fcnler hari\u00e7 ) ayn\u0131 g\u00fcn MNG kargoya teslim edilir.<\/p>\n<p>\u2013 2500 TL ve \u00fczeri sipari\u015flerde kargo \u00fccretsizdir. 2500 TL alt\u0131ndaki sipari\u015flerde 150 TL MNG kargo \u00fccreti ilave olur.<\/p>\n<p>\u2013 Miragumus.com\u2019dan Ald\u0131\u011f\u0131n\u0131z \u00dcr\u00fcnleri Teslim Tarihinden \u0130tibaren\u00a015 G\u00fcn\u00a0\u0130\u00e7erisinde \u00dccretsiz De\u011fi\u015fim Yapabilirsiniz.<\/p>\n<p>\u2013 Ki\u015fiye \u00d6zel \u00dcretilen Sipari\u015flerde veya \u0130\u015flem Yap\u0131larak Ki\u015fiye \u00d6zel Hale Getirilen \u00dcr\u00fcnlerde De\u011fi\u015fim Yap\u0131lmamaktad\u0131r.<\/p>\n<p>&nbsp;<\/p>\n","protected":false},"excerpt":{"rendered":"<p>\u00d6zel El Yap\u0131m\u0131 Kalem Atmal\u0131\u00a0G\u00fcm\u00fc\u015f Kitap Ayrac\u0131 925 ayar g\u00fcm\u00fc\u015ft\u00fcr. Tamamen el yap\u0131m\u0131 olan kitap ayrac\u0131, \u00f6nemli tarih ve g\u00fcnleriniz\u00a0i\u00e7in&hellip;<\/p>\n","protected":false},"featured_media":512,"comment_status":"open","ping_status":"closed","template":"","meta":[],"product_cat":[15,85],"product_tag":[158,159,156,157,160,161],"_links":{"self":[{"href":"https:\/\/miragumus.com\/index.php\/wp-json\/wp\/v2\/product\/509"}],"collection":[{"href":"https:\/\/miragumus.com\/index.php\/wp-json\/wp\/v2\/product"}],"about":[{"href":"https:\/\/miragumus.com\/index.php\/wp-json\/wp\/v2\/types\/product"}],"replies":[{"embeddable":true,"href":"https:\/\/miragumus.com\/index.php\/wp-json\/wp\/v2\/comments?post=509"}],"wp:featuredmedia":[{"embeddable":true,"href":"https:\/\/miragumus.com\/index.php\/wp-json\/wp\/v2\/media\/512"}],"wp:attachment":[{"href":"https:\/\/miragumus.com\/index.php\/wp-json\/wp\/v2\/media?parent=509"}],"wp:term":[{"taxonomy":"product_cat","embeddable":true,"href":"https:\/\/miragumus.com\/index.php\/wp-json\/wp\/v2\/product_cat?post=509"},{"taxonomy":"product_tag","embeddable":true,"href":"https:\/\/miragumus.com\/index.php\/wp-json\/wp\/v2\/product_tag?post=509"}],"curies":[{"name":"wp","href":"https:\/\/api.w.org\/{rel}","templated":true}]}}