{"id":561,"date":"2025-12-09T20:55:33","date_gmt":"2025-12-09T17:55:33","guid":{"rendered":"https:\/\/miragumus.com\/?post_type=product&#038;p=561"},"modified":"2026-02-09T18:13:17","modified_gmt":"2026-02-09T15:13:17","slug":"deneme-satisi","status":"publish","type":"product","link":"https:\/\/miragumus.com\/index.php\/product\/deneme-satisi\/","title":{"rendered":"Z-deneme sat\u0131\u015f\u0131"},"content":{"rendered":"","protected":false},"excerpt":{"rendered":"","protected":false},"featured_media":0,"comment_status":"open","ping_status":"closed","template":"","meta":[],"product_cat":[15],"product_tag":[],"_links":{"self":[{"href":"https:\/\/miragumus.com\/index.php\/wp-json\/wp\/v2\/product\/561"}],"collection":[{"href":"https:\/\/miragumus.com\/index.php\/wp-json\/wp\/v2\/product"}],"about":[{"href":"https:\/\/miragumus.com\/index.php\/wp-json\/wp\/v2\/types\/product"}],"replies":[{"embeddable":true,"href":"https:\/\/miragumus.com\/index.php\/wp-json\/wp\/v2\/comments?post=561"}],"wp:attachment":[{"href":"https:\/\/miragumus.com\/index.php\/wp-json\/wp\/v2\/media?parent=561"}],"wp:term":[{"taxonomy":"product_cat","embeddable":true,"href":"https:\/\/miragumus.com\/index.php\/wp-json\/wp\/v2\/product_cat?post=561"},{"taxonomy":"product_tag","embeddable":true,"href":"https:\/\/miragumus.com\/index.php\/wp-json\/wp\/v2\/product_tag?post=561"}],"curies":[{"name":"wp","href":"https:\/\/api.w.org\/{rel}","templated":true}]}}