{"id":597,"date":"2022-04-18T23:42:25","date_gmt":"2022-04-18T20:42:25","guid":{"rendered":"https:\/\/miragumus.com\/?post_type=product&#038;p=597"},"modified":"2025-12-30T21:46:52","modified_gmt":"2025-12-30T18:46:52","slug":"fantazi-hasir-takim-mra011","status":"publish","type":"product","link":"https:\/\/miragumus.com\/index.php\/product\/fantazi-hasir-takim-mra011\/","title":{"rendered":"Fantazi Has\u0131r Tak\u0131m MRA011"},"content":{"rendered":"<table width=\"64\">\n<tbody>\n<tr>\n<td width=\"64\">\u00dcR\u00dcN HAKKINDA A\u00c7IKLAMA<\/td>\n<\/tr>\n<tr>\n<td><\/td>\n<\/tr>\n<tr>\n<td>\u00a0\u2013 \u00dcr\u00fcn\u00fcm\u00fcz 925 Ayar G\u00fcm\u00fc\u015f ve \u00dczeri 22 Ayar Mikron Alt\u0131n Kaplamal\u0131d\u0131r.<\/td>\n<\/tr>\n<tr>\n<td><\/td>\n<\/tr>\n<tr>\n<td>\u00a0\u2013 \u00dcr\u00fcnlerimiz Sizlere \u00d6zel Hediye Paketi \u0130le \u0130letilmektedir.<\/td>\n<\/tr>\n<tr>\n<td>\u00a0\u2013 \u00dcr\u00fcnlerimiz firmam\u0131z\u0131n g\u00fcvencesi alt\u0131ndad\u0131r.<\/td>\n<\/tr>\n<tr>\n<td>\u00a0\u2013 G\u00fcm\u00fc\u015f Do\u011fal Yap\u0131s\u0131ndan Dolay\u0131 Kararma Yapabilir , \u00dcr\u00fcnlerimizi Kullan\u0131rken \u00c7ama\u015f\u0131r Suyu , Deterjan , Parf\u00fcm Vb. Gibi Kimyasal \u00dcr\u00fcnlerle Temaslardan Ka\u00e7\u0131narak Kararmas\u0131n\u0131 Engelleyip \u00d6mr\u00fcn\u00fc Uzatabilirsiniz !<\/td>\n<\/tr>\n<tr>\n<td>\u00a0\u2013 Kullan\u0131m Esnas\u0131nda Olu\u015fan Hasarlardan , Kararmalardan Vb. Gibi Unsurlarla Kar\u015f\u0131la\u015ft\u0131\u011f\u0131n\u0131z Takdirde Firmam\u0131zla \u0130leti\u015fime Ge\u00e7iniz.<\/td>\n<\/tr>\n<tr>\n<td>\u00a0\u2013 Kullan\u0131m Esnas\u0131nda Olu\u015fan Hasarlarda Kargo \u00dccretini Kar\u015f\u0131lad\u0131\u011f\u0131n\u0131z Takdirde B\u00fct\u00fcn Bak\u0131mlar Firmam\u0131z Taraf\u0131ndan \u00dcCRETS\u0130Z Bir \u015eekilde Yap\u0131lmaktad\u0131r.<\/td>\n<\/tr>\n<tr>\n<td>\u00a0\u2013 \u00dcr\u00fcn fiyatlar\u0131, web sitesine \u00f6zel promosyonlar nedeniyle ma\u011faza fiyatlar\u0131m\u0131zdan daha ucuz olabilir.<\/td>\n<\/tr>\n<tr>\n<td>\u2013 \u00dcr\u00fcn ile ilgili \u00f6zel isteklerinizi bize ula\u015farak iletebilirsiniz.<\/td>\n<\/tr>\n<tr>\n<td>\n<div>\u2013 Fiyatlar\u0131m\u0131z standart boy ve gram \u00fczerinden hesaplanm\u0131\u015ft\u0131r. \u00d6zel sipari\u015flerde +\/- fiyat fark\u0131 olu\u015fabilir.<\/div>\n<\/td>\n<\/tr>\n<tr>\n<td><\/td>\n<\/tr>\n<tr>\n<td>\u00a0\u2013 Whatsapp: 05342341984<\/td>\n<\/tr>\n<tr>\n<td>\u00a0\u2013 Mail: miragumustrabzon@gmail.com<\/td>\n<\/tr>\n<tr>\n<td><\/td>\n<\/tr>\n<tr>\n<td>KARGO TESL\u0130MATI<\/td>\n<\/tr>\n<tr>\n<td><\/td>\n<\/tr>\n<tr>\n<td>\u00a0\u2013 Haftai\u00e7i saat 14:30\u2032 a kadar verece\u011finiz t\u00fcm sipari\u015fler ( \u201cKi\u015fiye \u00d6zel \u00dcr\u00fcnler\u201d ve \u201cY\u00fcz\u00fck\u201d kategorisindeki \u00fcr\u00fcnler hari\u00e7 ) ayn\u0131 g\u00fcn MNG kargoya teslim edilir.<\/td>\n<\/tr>\n<tr>\n<td>\u00a0\u2013 Ki\u015fiye \u00d6zel \u00dcr\u00fcnler 2-4 \u0130\u015f g\u00fcn\u00fc \u0130\u00e7erisinde MNG Kargoya teslim edilir.<\/td>\n<\/tr>\n<tr>\n<td>\u00a0\u2013 2500 TL ve \u00fczeri sipari\u015flerde kargo \u00fccretsizdir. 2500 TL alt\u0131ndaki sipari\u015flerde 150 TL MNG kargo \u00fccreti ilave olur.<\/td>\n<\/tr>\n<tr>\n<td><\/td>\n<\/tr>\n<tr>\n<td>DE\u011e\u0130\u015e\u0130M<\/td>\n<\/tr>\n<tr>\n<td><\/td>\n<\/tr>\n<tr>\n<td>\u00a0\u2013 Miragumus.com\u2019dan Ald\u0131\u011f\u0131n\u0131z \u00dcr\u00fcnleri Teslim Tarihinden \u0130tibaren\u00a015 G\u00fcn\u00a0\u0130\u00e7erisinde \u00dccretsiz De\u011fi\u015fim Yapabilirsiniz.<\/td>\n<\/tr>\n<tr>\n<td>\u00a0\u2013 Ki\u015fiye \u00d6zel \u00dcretilen Sipari\u015flerde veya \u0130\u015flem Yap\u0131larak Ki\u015fiye \u00d6zel Hale Getirilen \u00dcr\u00fcnlerde De\u011fi\u015fim Yap\u0131lmamaktad\u0131r.<\/td>\n<\/tr>\n<\/tbody>\n<\/table>\n","protected":false},"excerpt":{"rendered":"<p>\u00dcR\u00dcN HAKKINDA A\u00c7IKLAMA \u00a0\u2013 \u00dcr\u00fcn\u00fcm\u00fcz 925 Ayar G\u00fcm\u00fc\u015f ve \u00dczeri 22 Ayar Mikron Alt\u0131n Kaplamal\u0131d\u0131r. \u00a0\u2013 \u00dcr\u00fcnlerimiz Sizlere \u00d6zel Hediye&hellip;<\/p>\n","protected":false},"featured_media":598,"comment_status":"open","ping_status":"closed","template":"","meta":[],"product_cat":[88,55,33,43,66,89],"product_tag":[172,142,159,174,171,144,173,166],"_links":{"self":[{"href":"https:\/\/miragumus.com\/index.php\/wp-json\/wp\/v2\/product\/597"}],"collection":[{"href":"https:\/\/miragumus.com\/index.php\/wp-json\/wp\/v2\/product"}],"about":[{"href":"https:\/\/miragumus.com\/index.php\/wp-json\/wp\/v2\/types\/product"}],"replies":[{"embeddable":true,"href":"https:\/\/miragumus.com\/index.php\/wp-json\/wp\/v2\/comments?post=597"}],"wp:featuredmedia":[{"embeddable":true,"href":"https:\/\/miragumus.com\/index.php\/wp-json\/wp\/v2\/media\/598"}],"wp:attachment":[{"href":"https:\/\/miragumus.com\/index.php\/wp-json\/wp\/v2\/media?parent=597"}],"wp:term":[{"taxonomy":"product_cat","embeddable":true,"href":"https:\/\/miragumus.com\/index.php\/wp-json\/wp\/v2\/product_cat?post=597"},{"taxonomy":"product_tag","embeddable":true,"href":"https:\/\/miragumus.com\/index.php\/wp-json\/wp\/v2\/product_tag?post=597"}],"curies":[{"name":"wp","href":"https:\/\/api.w.org\/{rel}","templated":true}]}}