{"id":616,"date":"2025-02-21T22:44:10","date_gmt":"2025-02-21T19:44:10","guid":{"rendered":"https:\/\/miragumus.com\/?post_type=product&#038;p=616"},"modified":"2026-01-16T20:05:01","modified_gmt":"2026-01-16T17:05:01","slug":"trabzon-sepet-orgusu-gumus-bileklik","status":"publish","type":"product","link":"https:\/\/miragumus.com\/index.php\/product\/trabzon-sepet-orgusu-gumus-bileklik\/","title":{"rendered":"Trabzon Sepet \u00d6rg\u00fcs\u00fc G\u00fcm\u00fc\u015f Bileklik"},"content":{"rendered":"","protected":false},"excerpt":{"rendered":"","protected":false},"featured_media":617,"comment_status":"open","ping_status":"closed","template":"","meta":[],"product_cat":[15,52,54],"product_tag":[175,172,142,159,169,171,144,173],"_links":{"self":[{"href":"https:\/\/miragumus.com\/index.php\/wp-json\/wp\/v2\/product\/616"}],"collection":[{"href":"https:\/\/miragumus.com\/index.php\/wp-json\/wp\/v2\/product"}],"about":[{"href":"https:\/\/miragumus.com\/index.php\/wp-json\/wp\/v2\/types\/product"}],"replies":[{"embeddable":true,"href":"https:\/\/miragumus.com\/index.php\/wp-json\/wp\/v2\/comments?post=616"}],"wp:featuredmedia":[{"embeddable":true,"href":"https:\/\/miragumus.com\/index.php\/wp-json\/wp\/v2\/media\/617"}],"wp:attachment":[{"href":"https:\/\/miragumus.com\/index.php\/wp-json\/wp\/v2\/media?parent=616"}],"wp:term":[{"taxonomy":"product_cat","embeddable":true,"href":"https:\/\/miragumus.com\/index.php\/wp-json\/wp\/v2\/product_cat?post=616"},{"taxonomy":"product_tag","embeddable":true,"href":"https:\/\/miragumus.com\/index.php\/wp-json\/wp\/v2\/product_tag?post=616"}],"curies":[{"name":"wp","href":"https:\/\/api.w.org\/{rel}","templated":true}]}}